{"id":9,"date":"2012-11-21T20:11:31","date_gmt":"2012-11-21T20:11:31","guid":{"rendered":"http:\/\/cafe-konditorei-sweetheart.de\/?page_id=9"},"modified":"2024-08-30T14:09:45","modified_gmt":"2024-08-30T14:09:45","slug":"wir-uber-uns","status":"publish","type":"page","link":"https:\/\/cafe-konditorei-sweetheart.de\/?page_id=9","title":{"rendered":"Wir \u00fcber uns"},"content":{"rendered":"<p style=\"text-align: center;\"><a href=\"http:\/\/cafe-konditorei-sweetheart.de\/wp-content\/uploads\/2012\/12\/BILD0672-e1354646138146.jpg\"><img loading=\"lazy\" decoding=\"async\" class=\"wp-image-63 aligncenter\" title=\"DIGITAL CAMERA\" src=\"http:\/\/cafe-konditorei-sweetheart.de\/wp-content\/uploads\/2012\/12\/BILD0672-e1354646138146-300x225.jpg\" alt=\"\" width=\"316\" height=\"237\" srcset=\"https:\/\/cafe-konditorei-sweetheart.de\/wp-content\/uploads\/2012\/12\/BILD0672-e1354646138146-300x225.jpg 300w, https:\/\/cafe-konditorei-sweetheart.de\/wp-content\/uploads\/2012\/12\/BILD0672-e1354646138146-1024x768.jpg 1024w\" sizes=\"auto, (max-width: 316px) 100vw, 316px\" \/><\/a><\/p>\n<h1>Euer Sweetheart Team:<\/h1>\n<h2>Wilma Philippi Konditormeisterin seit 1991<\/h2>\n<h2>und Patrik Zahler Konditor seit 1989.<\/h2>\n<h2>Wir sind ein Saarl\u00e4ndisches Konditoren Ehepaar<\/h2>\n<h2>und seit \u00fcber 35 Jahre im Konditoren-Handwerk t\u00e4tig.<\/h2>\n<h2>Unsere berufliche Qualifikation hat uns sogar<\/h2>\n<h2>bis nach Los Angeles\/Kalifornien gef\u00fchrt.<\/h2>\n<h2>Dort konnten wir noch einiges an Know How dazu gewinnen.<\/h2>\n<h2>Unseren Traum vom eigenen Caf\u00e9,<\/h2>\n<h2>verwirklichten wir uns am 10.11.2012 in Heidenheim.<\/h2>\n<h2>Nach unserem Motto:<\/h2>\n<h2><span style=\"color: #660000;\">&#8222;Wo Kaffee serviert wird, ist Anmut,<\/span><\/h2>\n<h2><span style=\"color: #660000;\">Freundschaft und Fr\u00f6hlichkeit&#8220;<\/span><\/h2>\n<h2>Diesem Motto bleiben wir auch nach<\/h2>\n<h2>unserem Standortwechsel,<\/h2>\n<h2>von Heidenheim nach Altenstadt\/Schongau treu.<\/h2>\n<h2>Wir freuen uns schon darauf,<\/h2>\n<h2>unsere Erfahrungen hier in Bayern erweitern zu k\u00f6nnen.<\/h2>\n<h2>Unsere ganze Leidenschaft und Energie,<\/h2>\n<h2>spiegelt sich in unseren Produkten wieder.<\/h2>\n<p>&nbsp;<\/p>\n<p>&nbsp;<\/p>\n<p>&nbsp;<\/p>\n","protected":false},"excerpt":{"rendered":"<p>Euer Sweetheart Team: Wilma Philippi Konditormeisterin seit 1991 und Patrik Zahler Konditor seit 1989. Wir sind ein Saarl\u00e4ndisches Konditoren Ehepaar und seit \u00fcber 35 Jahre im Konditoren-Handwerk t\u00e4tig. Unsere berufliche Qualifikation hat uns sogar bis nach Los Angeles\/Kalifornien gef\u00fchrt. Dort &hellip; <a href=\"https:\/\/cafe-konditorei-sweetheart.de\/?page_id=9\">Weiterlesen <span class=\"meta-nav\">&rarr;<\/span><\/a><\/p>\n","protected":false},"author":1,"featured_media":0,"parent":0,"menu_order":1,"comment_status":"closed","ping_status":"closed","template":"","meta":{"ngg_post_thumbnail":0,"footnotes":""},"class_list":["post-9","page","type-page","status-publish","hentry"],"_links":{"self":[{"href":"https:\/\/cafe-konditorei-sweetheart.de\/index.php?rest_route=\/wp\/v2\/pages\/9","targetHints":{"allow":["GET"]}}],"collection":[{"href":"https:\/\/cafe-konditorei-sweetheart.de\/index.php?rest_route=\/wp\/v2\/pages"}],"about":[{"href":"https:\/\/cafe-konditorei-sweetheart.de\/index.php?rest_route=\/wp\/v2\/types\/page"}],"author":[{"embeddable":true,"href":"https:\/\/cafe-konditorei-sweetheart.de\/index.php?rest_route=\/wp\/v2\/users\/1"}],"replies":[{"embeddable":true,"href":"https:\/\/cafe-konditorei-sweetheart.de\/index.php?rest_route=%2Fwp%2Fv2%2Fcomments&post=9"}],"version-history":[{"count":21,"href":"https:\/\/cafe-konditorei-sweetheart.de\/index.php?rest_route=\/wp\/v2\/pages\/9\/revisions"}],"predecessor-version":[{"id":1288,"href":"https:\/\/cafe-konditorei-sweetheart.de\/index.php?rest_route=\/wp\/v2\/pages\/9\/revisions\/1288"}],"wp:attachment":[{"href":"https:\/\/cafe-konditorei-sweetheart.de\/index.php?rest_route=%2Fwp%2Fv2%2Fmedia&parent=9"}],"curies":[{"name":"wp","href":"https:\/\/api.w.org\/{rel}","templated":true}]}}