{"id":11,"date":"2012-11-21T20:11:39","date_gmt":"2012-11-21T20:11:39","guid":{"rendered":"http:\/\/cafe-konditorei-sweetheart.de\/?page_id=11"},"modified":"2019-01-01T14:02:56","modified_gmt":"2019-01-01T14:02:56","slug":"produkte","status":"publish","type":"page","link":"https:\/\/cafe-konditorei-sweetheart.de\/?page_id=11","title":{"rendered":"Produkte"},"content":{"rendered":"<p>Bei uns k\u00f6nnen Sie aus einer gro\u00dfen Auswahl verschiedenster Torten-, Geb\u00e4ckspezialit\u00e4ten und Pralinen w\u00e4hlen,<\/p>\n<p>von &#8222;A &#8220; wie Anisbrot bis &#8222;Z&#8220; wie Zimtwaffeln.<\/p>\n<ul>\n<li>Sahnetorten<\/li>\n<li>Creme-Torten<\/li>\n<li>Kuchen<\/li>\n<li>Petit-Fours<\/li>\n<li>Feinste handgesch\u00f6pfte Schokoladen<\/li>\n<li>Pralinen<\/li>\n<li>Cookies (auf Bestellung)<\/li>\n<li>Marzipanartikel (auf Bestellung)<\/li>\n<li>Festtagstorten (Kommunion-, Hochzeits-, Geburtstags- und andere Eventtorten)<\/li>\n<\/ul>\n<p>Sind Sie neugierig geworden, dann kommen Sie sich doch bei uns im Caf\u00e9 vorbei.<\/p>\n<p>Wir w\u00fcrden uns \u00fcber Ihren Besuch sehr freuen.<\/p>\n<p>Ihr Sweetheart Team<\/p>\n","protected":false},"excerpt":{"rendered":"<p>Bei uns k\u00f6nnen Sie aus einer gro\u00dfen Auswahl verschiedenster Torten-, Geb\u00e4ckspezialit\u00e4ten und Pralinen w\u00e4hlen, von &#8222;A &#8220; wie Anisbrot bis &#8222;Z&#8220; wie Zimtwaffeln. Sahnetorten Creme-Torten Kuchen Petit-Fours Feinste handgesch\u00f6pfte Schokoladen Pralinen Cookies (auf Bestellung) Marzipanartikel (auf Bestellung) Festtagstorten (Kommunion-, Hochzeits-, &hellip; <a href=\"https:\/\/cafe-konditorei-sweetheart.de\/?page_id=11\">Weiterlesen <span class=\"meta-nav\">&rarr;<\/span><\/a><\/p>\n","protected":false},"author":1,"featured_media":0,"parent":0,"menu_order":2,"comment_status":"closed","ping_status":"closed","template":"","meta":{"ngg_post_thumbnail":0,"footnotes":""},"class_list":["post-11","page","type-page","status-publish","hentry"],"_links":{"self":[{"href":"https:\/\/cafe-konditorei-sweetheart.de\/index.php?rest_route=\/wp\/v2\/pages\/11","targetHints":{"allow":["GET"]}}],"collection":[{"href":"https:\/\/cafe-konditorei-sweetheart.de\/index.php?rest_route=\/wp\/v2\/pages"}],"about":[{"href":"https:\/\/cafe-konditorei-sweetheart.de\/index.php?rest_route=\/wp\/v2\/types\/page"}],"author":[{"embeddable":true,"href":"https:\/\/cafe-konditorei-sweetheart.de\/index.php?rest_route=\/wp\/v2\/users\/1"}],"replies":[{"embeddable":true,"href":"https:\/\/cafe-konditorei-sweetheart.de\/index.php?rest_route=%2Fwp%2Fv2%2Fcomments&post=11"}],"version-history":[{"count":7,"href":"https:\/\/cafe-konditorei-sweetheart.de\/index.php?rest_route=\/wp\/v2\/pages\/11\/revisions"}],"predecessor-version":[{"id":919,"href":"https:\/\/cafe-konditorei-sweetheart.de\/index.php?rest_route=\/wp\/v2\/pages\/11\/revisions\/919"}],"wp:attachment":[{"href":"https:\/\/cafe-konditorei-sweetheart.de\/index.php?rest_route=%2Fwp%2Fv2%2Fmedia&parent=11"}],"curies":[{"name":"wp","href":"https:\/\/api.w.org\/{rel}","templated":true}]}}